{"id":2275,"date":"2025-04-13T15:39:07","date_gmt":"2025-04-13T19:39:07","guid":{"rendered":"https:\/\/surya-world.org\/a-propos\/stephane-chollet\/"},"modified":"2025-04-19T15:51:35","modified_gmt":"2025-04-19T19:51:35","slug":"stephane-chollet","status":"publish","type":"page","link":"https:\/\/www.surya-world.org\/fr\/a-propos\/stephane-chollet\/","title":{"rendered":"St\u00e9phane Chollet"},"content":{"rendered":"\t\t<div data-elementor-type=\"wp-page\" data-elementor-id=\"2275\" class=\"elementor elementor-2275 elementor-2087\" data-elementor-post-type=\"page\">\n\t\t\t\t<div class=\"elementor-element elementor-element-7dcf196 e-con-full e-flex e-con e-parent\" data-id=\"7dcf196\" data-element_type=\"container\" data-e-type=\"container\">\n\t\t<div class=\"elementor-element elementor-element-f6ffd53 e-con-full e-flex e-con e-child\" data-id=\"f6ffd53\" data-element_type=\"container\" data-e-type=\"container\" data-settings=\"{&quot;background_background&quot;:&quot;classic&quot;,&quot;shape_divider_bottom&quot;:&quot;wave-brush&quot;}\">\n\t\t\t\t<div class=\"elementor-shape elementor-shape-bottom\" aria-hidden=\"true\" data-negative=\"false\">\n\t\t\t<svg xmlns=\"http:\/\/www.w3.org\/2000\/svg\" viewBox=\"0 0 283.5 27.8\" preserveAspectRatio=\"none\">\n\t<path class=\"elementor-shape-fill\" d=\"M283.5,9.7c0,0-7.3,4.3-14,4.6c-6.8,0.3-12.6,0-20.9-1.5c-11.3-2-33.1-10.1-44.7-5.7\ts-12.1,4.6-18,7.4c-6.6,3.2-20,9.6-36.6,9.3C131.6,23.5,99.5,7.2,86.3,8c-1.4,0.1-6.6,0.8-10.5,2c-3.8,1.2-9.4,3.8-17,4.7\tc-3.2,0.4-8.3,1.1-14.2,0.9c-1.5-0.1-6.3-0.4-12-1.6c-5.7-1.2-11-3.1-15.8-3.7C6.5,9.2,0,10.8,0,10.8V0h283.5V9.7z M260.8,11.3\tc-0.7-1-2-0.4-4.3-0.4c-2.3,0-6.1-1.2-5.8-1.1c0.3,0.1,3.1,1.5,6,1.9C259.7,12.2,261.4,12.3,260.8,11.3z M242.4,8.6\tc0,0-2.4-0.2-5.6-0.9c-3.2-0.8-10.3-2.8-15.1-3.5c-8.2-1.1-15.8,0-15.1,0.1c0.8,0.1,9.6-0.6,17.6,1.1c3.3,0.7,9.3,2.2,12.4,2.7\tC239.9,8.7,242.4,8.6,242.4,8.6z M185.2,8.5c1.7-0.7-13.3,4.7-18.5,6.1c-2.1,0.6-6.2,1.6-10,2c-3.9,0.4-8.9,0.4-8.8,0.5\tc0,0.2,5.8,0.8,11.2,0c5.4-0.8,5.2-1.1,7.6-1.6C170.5,14.7,183.5,9.2,185.2,8.5z M199.1,6.9c0.2,0-0.8-0.4-4.8,1.1\tc-4,1.5-6.7,3.5-6.9,3.7c-0.2,0.1,3.5-1.8,6.6-3C197,7.5,199,6.9,199.1,6.9z M283,6c-0.1,0.1-1.9,1.1-4.8,2.5s-6.9,2.8-6.7,2.7\tc0.2,0,3.5-0.6,7.4-2.5C282.8,6.8,283.1,5.9,283,6z M31.3,11.6c0.1-0.2-1.9-0.2-4.5-1.2s-5.4-1.6-7.8-2C15,7.6,7.3,8.5,7.7,8.6\tC8,8.7,15.9,8.3,20.2,9.3c2.2,0.5,2.4,0.5,5.7,1.6S31.2,11.9,31.3,11.6z M73,9.2c0.4-0.1,3.5-1.6,8.4-2.6c4.9-1.1,8.9-0.5,8.9-0.8\tc0-0.3-1-0.9-6.2-0.3S72.6,9.3,73,9.2z M71.6,6.7C71.8,6.8,75,5.4,77.3,5c2.3-0.3,1.9-0.5,1.9-0.6c0-0.1-1.1-0.2-2.7,0.2\tC74.8,5.1,71.4,6.6,71.6,6.7z M93.6,4.4c0.1,0.2,3.5,0.8,5.6,1.8c2.1,1,1.8,0.6,1.9,0.5c0.1-0.1-0.8-0.8-2.4-1.3\tC97.1,4.8,93.5,4.2,93.6,4.4z M65.4,11.1c-0.1,0.3,0.3,0.5,1.9-0.2s2.6-1.3,2.2-1.2s-0.9,0.4-2.5,0.8C65.3,10.9,65.5,10.8,65.4,11.1\tz M34.5,12.4c-0.2,0,2.1,0.8,3.3,0.9c1.2,0.1,2,0.1,2-0.2c0-0.3-0.1-0.5-1.6-0.4C36.6,12.8,34.7,12.4,34.5,12.4z M152.2,21.1\tc-0.1,0.1-2.4-0.3-7.5-0.3c-5,0-13.6-2.4-17.2-3.5c-3.6-1.1,10,3.9,16.5,4.1C150.5,21.6,152.3,21,152.2,21.1z\"\/>\n\t<path class=\"elementor-shape-fill\" d=\"M269.6,18c-0.1-0.1-4.6,0.3-7.2,0c-7.3-0.7-17-3.2-16.6-2.9c0.4,0.3,13.7,3.1,17,3.3\tC267.7,18.8,269.7,18,269.6,18z\"\/>\n\t<path class=\"elementor-shape-fill\" d=\"M227.4,9.8c-0.2-0.1-4.5-1-9.5-1.2c-5-0.2-12.7,0.6-12.3,0.5c0.3-0.1,5.9-1.8,13.3-1.2\tS227.6,9.9,227.4,9.8z\"\/>\n\t<path class=\"elementor-shape-fill\" d=\"M204.5,13.4c-0.1-0.1,2-1,3.2-1.1c1.2-0.1,2,0,2,0.3c0,0.3-0.1,0.5-1.6,0.4\tC206.4,12.9,204.6,13.5,204.5,13.4z\"\/>\n\t<path class=\"elementor-shape-fill\" d=\"M201,10.6c0-0.1-4.4,1.2-6.3,2.2c-1.9,0.9-6.2,3.1-6.1,3.1c0.1,0.1,4.2-1.6,6.3-2.6\tS201,10.7,201,10.6z\"\/>\n\t<path class=\"elementor-shape-fill\" d=\"M154.5,26.7c-0.1-0.1-4.6,0.3-7.2,0c-7.3-0.7-17-3.2-16.6-2.9c0.4,0.3,13.7,3.1,17,3.3\tC152.6,27.5,154.6,26.8,154.5,26.7z\"\/>\n\t<path class=\"elementor-shape-fill\" d=\"M41.9,19.3c0,0,1.2-0.3,2.9-0.1c1.7,0.2,5.8,0.9,8.2,0.7c4.2-0.4,7.4-2.7,7-2.6\tc-0.4,0-4.3,2.2-8.6,1.9c-1.8-0.1-5.1-0.5-6.7-0.4S41.9,19.3,41.9,19.3z\"\/>\n\t<path class=\"elementor-shape-fill\" d=\"M75.5,12.6c0.2,0.1,2-0.8,4.3-1.1c2.3-0.2,2.1-0.3,2.1-0.5c0-0.1-1.8-0.4-3.4,0\tC76.9,11.5,75.3,12.5,75.5,12.6z\"\/>\n\t<path class=\"elementor-shape-fill\" d=\"M15.6,13.2c0-0.1,4.3,0,6.7,0.5c2.4,0.5,5,1.9,5,2c0,0.1-2.7-0.8-5.1-1.4\tC19.9,13.7,15.7,13.3,15.6,13.2z\"\/>\n<\/svg>\t\t<\/div>\n\t\t\t\t<div class=\"elementor-element elementor-element-4c60462 elementor-widget elementor-widget-heading\" data-id=\"4c60462\" data-element_type=\"widget\" data-e-type=\"widget\" data-widget_type=\"heading.default\">\n\t\t\t\t<div class=\"elementor-widget-container\">\n\t\t\t\t\t<h2 class=\"elementor-heading-title elementor-size-default\">Rencontrez l'\u00e9quipe Surya World<\/h2>\t\t\t\t<\/div>\n\t\t\t\t<\/div>\n\t\t\t\t<\/div>\n\t\t\t\t<\/div>\n\t\t<div class=\"elementor-element elementor-element-73f12de e-flex e-con-boxed e-con e-parent\" data-id=\"73f12de\" data-element_type=\"container\" data-e-type=\"container\">\n\t\t\t\t\t<div class=\"e-con-inner\">\n\t\t\t\t<div class=\"elementor-element elementor-element-e7663f8 elementor-widget elementor-widget-spacer\" data-id=\"e7663f8\" data-element_type=\"widget\" data-e-type=\"widget\" data-widget_type=\"spacer.default\">\n\t\t\t\t<div class=\"elementor-widget-container\">\n\t\t\t\t\t\t\t<div class=\"elementor-spacer\">\n\t\t\t<div class=\"elementor-spacer-inner\"><\/div>\n\t\t<\/div>\n\t\t\t\t\t\t<\/div>\n\t\t\t\t<\/div>\n\t\t\t\t\t<\/div>\n\t\t\t\t<\/div>\n\t\t<div class=\"elementor-element elementor-element-afe997f e-flex e-con-boxed e-con e-parent\" data-id=\"afe997f\" data-element_type=\"container\" data-e-type=\"container\">\n\t\t\t\t\t<div class=\"e-con-inner\">\n\t\t<div class=\"elementor-element elementor-element-5499b75 e-con-full e-flex e-con e-child\" data-id=\"5499b75\" data-element_type=\"container\" data-e-type=\"container\">\n\t\t\t\t<div class=\"elementor-element elementor-element-fe6e1ba elementor-widget__width-initial elementor-widget-mobile__width-initial elementor-widget elementor-widget-image\" data-id=\"fe6e1ba\" data-element_type=\"widget\" data-e-type=\"widget\" data-widget_type=\"image.default\">\n\t\t\t\t<div class=\"elementor-widget-container\">\n\t\t\t\t\t\t\t\t\t\t\t\t\t\t\t<img fetchpriority=\"high\" decoding=\"async\" width=\"683\" height=\"1024\" src=\"https:\/\/www.surya-world.org\/wp-content\/uploads\/2025\/04\/Stef-683x1024.jpg\" class=\"attachment-large size-large wp-image-2090\" alt=\"Stephane Chollet Surya founder\" srcset=\"https:\/\/www.surya-world.org\/wp-content\/uploads\/2025\/04\/Stef-683x1024.jpg 683w, https:\/\/www.surya-world.org\/wp-content\/uploads\/2025\/04\/Stef-200x300.jpg 200w, https:\/\/www.surya-world.org\/wp-content\/uploads\/2025\/04\/Stef-768x1152.jpg 768w, https:\/\/www.surya-world.org\/wp-content\/uploads\/2025\/04\/Stef-1024x1536.jpg 1024w, https:\/\/www.surya-world.org\/wp-content\/uploads\/2025\/04\/Stef.jpg 1365w\" sizes=\"(max-width: 683px) 100vw, 683px\" \/>\t\t\t\t\t\t\t\t\t\t\t\t\t\t\t<\/div>\n\t\t\t\t<\/div>\n\t\t<div class=\"elementor-element elementor-element-26ca688 e-con-full e-flex e-con e-child\" data-id=\"26ca688\" data-element_type=\"container\" data-e-type=\"container\">\n\t\t\t\t<div class=\"elementor-element elementor-element-984fb17 elementor-widget elementor-widget-heading\" data-id=\"984fb17\" data-element_type=\"widget\" data-e-type=\"widget\" data-widget_type=\"heading.default\">\n\t\t\t\t<div class=\"elementor-widget-container\">\n\t\t\t\t\t<h1 class=\"elementor-heading-title elementor-size-default\">St\u00e9phane Chollet<\/h1>\t\t\t\t<\/div>\n\t\t\t\t<\/div>\n\t\t\t\t<div class=\"elementor-element elementor-element-6076714 elementor-widget elementor-widget-text-editor\" data-id=\"6076714\" data-element_type=\"widget\" data-e-type=\"widget\" data-widget_type=\"text-editor.default\">\n\t\t\t\t<div class=\"elementor-widget-container\">\n\t\t\t\t\t\t\t\t\t<p>Inlassable chercheur sur la voie du mieux-\u00eatre et de l\u2019\u00e9l\u00e9vation de la conscience, St\u00e9phane Chollet d\u00e9buta son exploration des territoires, \u00e9coles et lign\u00e9es d\u2019Asie d\u00e8s les ann\u00e9es 1980. Il commen\u00e7a par les arts martiaux et les arts internes chinois d\u00e8s les ann\u00e9es 80. Il d\u00e9couvre ensuite le Yoga \u00e0 la fin des ann\u00e9es 1980 aux c\u00f4t\u00e9s de Jean Villetelle, \u00e9tudiant de G\u00e9rard Blitz dans la lign\u00e9e de Krishnamacharya de Madras, puis se trouve d\u00e9finitivement lanc\u00e9 sur la voie de l\u2019Inde et du Yoga apr\u00e8s sa rencontre avec Michel Coquet : grand pratiquant de l&rsquo;\u00e9cole de sabre japonnais Katori et auteur de nombreux livres sur la spiritualit\u00e9. Ces rencontres \u00ab\u00a0initiatiques\u00a0\u00bb permettront \u00e0 St\u00e9phane de d\u00e9couvrir l\u2019Inde de l\u2019int\u00e9rieur, pays riche d\u2019une tradition tr\u00e8s profonde.   <\/p><p>En quelques ann\u00e9es, il visite les grandes \u00e9coles indiennes de Yoga, rencontrant parmi d\u2019autres Pattabi Jo\u00efs, Iyengar, les descendants de T.Krishnamacharya, l\u2019ashram de Shivananda, la Bihar school of Yoga et enfin le Yoga Niketan de Swami Yogeshwarananda \u00e0 Rishikesh.<\/p><p>Cherchant \u00e0 s\u2019immerger encore plus profond\u00e9ment dans l\u2019aspect spirituel de la pratique, il passe trente ans \u00e0 visiter tour \u00e0 tour les plus grands Sages de l\u2019Inde.<\/p>\t\t\t\t\t\t\t\t<\/div>\n\t\t\t\t<\/div>\n\t\t\t\t<\/div>\n\t\t\t\t<\/div>\n\t\t\t\t\t<\/div>\n\t\t\t\t<\/div>\n\t\t<div class=\"elementor-element elementor-element-df358ee e-flex e-con-boxed e-con e-parent\" data-id=\"df358ee\" data-element_type=\"container\" data-e-type=\"container\">\n\t\t\t\t\t<div class=\"e-con-inner\">\n\t\t<div class=\"elementor-element elementor-element-80f194f e-con-full e-flex e-con e-child\" data-id=\"80f194f\" data-element_type=\"container\" data-e-type=\"container\">\n\t\t<div class=\"elementor-element elementor-element-6af51a1 e-con-full e-flex e-con e-child\" data-id=\"6af51a1\" data-element_type=\"container\" data-e-type=\"container\">\n\t\t\t\t<div class=\"elementor-element elementor-element-691804a elementor-widget elementor-widget-text-editor\" data-id=\"691804a\" data-element_type=\"widget\" data-e-type=\"widget\" data-widget_type=\"text-editor.default\">\n\t\t\t\t<div class=\"elementor-widget-container\">\n\t\t\t\t\t\t\t\t\t<p>Il d\u00e9veloppe en parall\u00e8le sa pratique personnelle, pratiquant et explorant de bout en bout les 4 coins de l&rsquo;Inde, jusqu\u2019aux grottes enneig\u00e9es de l\u2019Himalaya, o\u00f9 il exp\u00e9rimente notamment la vie des Sages et Ermites himalayens et leurs pratiques de r\u00e9sistance au froid par le souffle. Au fil du temps et des exp\u00e9riences, il fa\u00e7onne et parfait ce qui deviendra le Surya Raja Yoga, autrement appel\u00e9 le \u201cSuryashtanga Yoga\u201d, une pratique \u00e9quilibr\u00e9e, riche et compl\u00e8te, synth\u00e8se int\u00e9grale capable d\u2019accompagner des d\u00e9butants jusqu\u2019\u00e0 des niveaux avanc\u00e9s de pratique sur la conscience. <\/p><p>Approfondissant de fa\u00e7on constante sa pratique personnelle et ses recherches, St\u00e9phane continue d\u2019explorer chaque ann\u00e9e l\u2019Inde ainsi que d\u2019autres territoires. Enseignant le Yoga depuis 1990, il limite \u00e0 pr\u00e9sent ses cours \u00e0 des \u00e9l\u00e8ves rapproch\u00e9s, et nous fait r\u00e9guli\u00e8rement le plaisir de sa pr\u00e9sence \u00e0 l\u2019occasion de Masterclass et retraites de yoga autour du monde, ainsi que lors des sessions de formation. Il est toujours prompt \u00e0 offrir aux \u00e9l\u00e8ves qui le lui demandent des conseils d\u2019une grande richesse pour l\u2019approfondissement de leur pratique personnelle, et nombreux sont nos \u00e9changes de groupe sur la th\u00e9orie et la philosophie.  <\/p>\t\t\t\t\t\t\t\t<\/div>\n\t\t\t\t<\/div>\n\t\t\t\t<\/div>\n\t\t\t\t<\/div>\n\t\t\t\t\t<\/div>\n\t\t\t\t<\/div>\n\t\t\t\t<\/div>\n\t\t","protected":false},"excerpt":{"rendered":"<p>Rencontrez l&rsquo;\u00e9quipe Surya World St\u00e9phane Chollet Inlassable chercheur sur la voie du mieux-\u00eatre et de l\u2019\u00e9l\u00e9vation de la conscience, St\u00e9phane [&hellip;]<\/p>\n","protected":false},"author":2,"featured_media":0,"parent":2178,"menu_order":0,"comment_status":"closed","ping_status":"closed","template":"","meta":{"site-sidebar-layout":"no-sidebar","site-content-layout":"","ast-site-content-layout":"normal-width-container","site-content-style":"default","site-sidebar-style":"default","ast-global-header-display":"","ast-banner-title-visibility":"","ast-main-header-display":"","ast-hfb-above-header-display":"","ast-hfb-below-header-display":"","ast-hfb-mobile-header-display":"","site-post-title":"disabled","ast-breadcrumbs-content":"","ast-featured-img":"disabled","footer-sml-layout":"","theme-transparent-header-meta":"","adv-header-id-meta":"","stick-header-meta":"","header-above-stick-meta":"","header-main-stick-meta":"","header-below-stick-meta":"","astra-migrate-meta-layouts":"default","ast-page-background-enabled":"default","ast-page-background-meta":{"desktop":{"background-color":"var(--ast-global-color-5)","background-image":"","background-repeat":"repeat","background-position":"center center","background-size":"auto","background-attachment":"scroll","background-type":"","background-media":"","overlay-type":"","overlay-color":"","overlay-opacity":"","overlay-gradient":""},"tablet":{"background-color":"","background-image":"","background-repeat":"repeat","background-position":"center center","background-size":"auto","background-attachment":"scroll","background-type":"","background-media":"","overlay-type":"","overlay-color":"","overlay-opacity":"","overlay-gradient":""},"mobile":{"background-color":"","background-image":"","background-repeat":"repeat","background-position":"center center","background-size":"auto","background-attachment":"scroll","background-type":"","background-media":"","overlay-type":"","overlay-color":"","overlay-opacity":"","overlay-gradient":""}},"ast-content-background-meta":{"desktop":{"background-color":"var(--ast-global-color-4)","background-image":"","background-repeat":"repeat","background-position":"center center","background-size":"auto","background-attachment":"scroll","background-type":"","background-media":"","overlay-type":"","overlay-color":"","overlay-opacity":"","overlay-gradient":""},"tablet":{"background-color":"var(--ast-global-color-4)","background-image":"","background-repeat":"repeat","background-position":"center center","background-size":"auto","background-attachment":"scroll","background-type":"","background-media":"","overlay-type":"","overlay-color":"","overlay-opacity":"","overlay-gradient":""},"mobile":{"background-color":"var(--ast-global-color-4)","background-image":"","background-repeat":"repeat","background-position":"center center","background-size":"auto","background-attachment":"scroll","background-type":"","background-media":"","overlay-type":"","overlay-color":"","overlay-opacity":"","overlay-gradient":""}},"footnotes":""},"class_list":["post-2275","page","type-page","status-publish","hentry"],"_links":{"self":[{"href":"https:\/\/www.surya-world.org\/fr\/wp-json\/wp\/v2\/pages\/2275","targetHints":{"allow":["GET"]}}],"collection":[{"href":"https:\/\/www.surya-world.org\/fr\/wp-json\/wp\/v2\/pages"}],"about":[{"href":"https:\/\/www.surya-world.org\/fr\/wp-json\/wp\/v2\/types\/page"}],"author":[{"embeddable":true,"href":"https:\/\/www.surya-world.org\/fr\/wp-json\/wp\/v2\/users\/2"}],"replies":[{"embeddable":true,"href":"https:\/\/www.surya-world.org\/fr\/wp-json\/wp\/v2\/comments?post=2275"}],"version-history":[{"count":2,"href":"https:\/\/www.surya-world.org\/fr\/wp-json\/wp\/v2\/pages\/2275\/revisions"}],"predecessor-version":[{"id":2858,"href":"https:\/\/www.surya-world.org\/fr\/wp-json\/wp\/v2\/pages\/2275\/revisions\/2858"}],"up":[{"embeddable":true,"href":"https:\/\/www.surya-world.org\/fr\/wp-json\/wp\/v2\/pages\/2178"}],"wp:attachment":[{"href":"https:\/\/www.surya-world.org\/fr\/wp-json\/wp\/v2\/media?parent=2275"}],"curies":[{"name":"wp","href":"https:\/\/api.w.org\/{rel}","templated":true}]}}