{"id":2794,"date":"2025-04-18T10:00:19","date_gmt":"2025-04-18T14:00:19","guid":{"rendered":"https:\/\/surya-world.org\/politique-de-confidentialite\/"},"modified":"2025-04-18T10:09:33","modified_gmt":"2025-04-18T14:09:33","slug":"politique-de-confidentialite","status":"publish","type":"page","link":"https:\/\/www.surya-world.org\/fr\/politique-de-confidentialite\/","title":{"rendered":"Politique de confidentialit\u00e9"},"content":{"rendered":"\t\t<div data-elementor-type=\"wp-page\" data-elementor-id=\"2794\" class=\"elementor elementor-2794 elementor-2787\" data-elementor-post-type=\"page\">\n\t\t\t\t<div class=\"elementor-element elementor-element-ad08293 e-flex e-con-boxed e-con e-parent\" data-id=\"ad08293\" data-element_type=\"container\" data-e-type=\"container\">\n\t\t\t\t\t<div class=\"e-con-inner\">\n\t\t<div class=\"elementor-element elementor-element-a8d172b e-con-full e-flex e-con e-child\" data-id=\"a8d172b\" data-element_type=\"container\" data-e-type=\"container\">\n\t\t\t\t<div class=\"elementor-element elementor-element-feec076 elementor-widget elementor-widget-heading\" data-id=\"feec076\" data-element_type=\"widget\" data-e-type=\"widget\" data-widget_type=\"heading.default\">\n\t\t\t\t<div class=\"elementor-widget-container\">\n\t\t\t\t\t<h1 class=\"elementor-heading-title elementor-size-default\">Politique de confidentialit\u00e9<\/h1>\t\t\t\t<\/div>\n\t\t\t\t<\/div>\n\t\t\t\t<\/div>\n\t\t\t\t<div class=\"elementor-element elementor-element-a41e753 elementor-widget elementor-widget-text-editor\" data-id=\"a41e753\" data-element_type=\"widget\" data-e-type=\"widget\" data-widget_type=\"text-editor.default\">\n\t\t\t\t<div class=\"elementor-widget-container\">\n\t\t\t\t\t\t\t\t\t<p class=\"\" data-start=\"55\" data-end=\"100\"><em>Derni\u00e8re mise \u00e0 jour : 15 avril 2025<\/em><\/p><p class=\"\" data-start=\"102\" data-end=\"380\">Surya World accorde une grande importance \u00e0 la protection de votre vie priv\u00e9e. Cette politique de confidentialit\u00e9 d\u00e9crit la mani\u00e8re dont nous recueillons, utilisons, partageons et prot\u00e9geons vos informations personnelles lorsque vous visitez notre site web <a class=\"\" href=\"https:\/\/www.surya-world.org\/\" target=\"_new\" rel=\"noopener\" data-start=\"288\" data-end=\"348\">https:\/\/www.surya-world.org\/<\/a> et interagissez avec nos services. <\/p><h3 class=\"\" data-start=\"382\" data-end=\"411\">1. Collecte d&rsquo;informations<\/h3><h4 class=\"\" data-start=\"413\" data-end=\"444\">1.1 Informations personnelles<\/h4><p class=\"\" data-start=\"445\" data-end=\"512\">Nous recueillons les informations que vous nous fournissez volontairement, telles que<\/p><ul data-start=\"513\" data-end=\"728\"><li class=\"\" data-start=\"513\" data-end=\"541\"><p class=\"\" data-start=\"515\" data-end=\"541\">Vos nom et pr\u00e9nom<\/p><\/li><li class=\"\" data-start=\"542\" data-end=\"564\"><p class=\"\" data-start=\"544\" data-end=\"564\">Votre adresse \u00e9lectronique<\/p><\/li><li class=\"\" data-start=\"565\" data-end=\"586\"><p class=\"\" data-start=\"567\" data-end=\"586\">Votre num\u00e9ro de t\u00e9l\u00e9phone<\/p><\/li><li class=\"\" data-start=\"587\" data-end=\"616\"><p class=\"\" data-start=\"589\" data-end=\"616\">Votre pays de r\u00e9sidence<\/p><\/li><li class=\"\" data-start=\"617\" data-end=\"728\"><p class=\"\" data-start=\"619\" data-end=\"728\">Toute information fournie dans le cadre d&rsquo;une inscription \u00e0 une formation, une retraite, un bulletin d&rsquo;information ou via un formulaire de contact.<\/p><\/li><\/ul><h4 class=\"\" data-start=\"730\" data-end=\"775\">1.2 Informations techniques et de navigation<\/h4><p class=\"\" data-start=\"776\" data-end=\"842\">Lorsque vous visitez notre site, certaines donn\u00e9es peuvent \u00eatre collect\u00e9es automatiquement :<\/p><ul data-start=\"843\" data-end=\"980\"><li class=\"\" data-start=\"843\" data-end=\"857\"><p class=\"\" data-start=\"845\" data-end=\"857\">Adresse IP<\/p><\/li><li class=\"\" data-start=\"858\" data-end=\"895\"><p class=\"\" data-start=\"860\" data-end=\"895\">Type de navigateur et syst\u00e8me d&rsquo;exploitation<\/p><\/li><li class=\"\" data-start=\"896\" data-end=\"939\"><p class=\"\" data-start=\"898\" data-end=\"939\">Pages consult\u00e9es, dur\u00e9e de la navigation, clics<\/p><\/li><li class=\"\" data-start=\"940\" data-end=\"980\"><p class=\"\" data-start=\"942\" data-end=\"980\">Cookies et outils de mesure d&rsquo;audience<\/p><\/li><\/ul><h3 class=\"\" data-start=\"987\" data-end=\"1014\">2. Utilisation des informations<\/h3><p class=\"\" data-start=\"1015\" data-end=\"1060\">Nous n&rsquo;utilisons vos donn\u00e9es que dans les cas suivants :<\/p><ul data-start=\"1061\" data-end=\"1419\"><li class=\"\" data-start=\"1061\" data-end=\"1121\"><p class=\"\" data-start=\"1063\" data-end=\"1121\">Pour vous inscrire \u00e0 nos formations, \u00e9v\u00e9nements et ateliers<\/p><\/li><li class=\"\" data-start=\"1122\" data-end=\"1225\"><p class=\"\" data-start=\"1124\" data-end=\"1225\">Pour vous envoyer des informations sur Surya World, ses nouvelles, ses pratiques ou ses projets (si vous y avez consenti).<\/p><\/li><li class=\"\" data-start=\"1226\" data-end=\"1289\"><p class=\"\" data-start=\"1228\" data-end=\"1289\">Pour r\u00e9pondre \u00e0 vos questions ou demandes envoy\u00e9es via nos formulaires<\/p><\/li><li class=\"\" data-start=\"1290\" data-end=\"1360\"><p class=\"\" data-start=\"1292\" data-end=\"1360\">Am\u00e9liorer la qualit\u00e9 de nos services, de notre contenu et de nos outils num\u00e9riques<\/p><\/li><li class=\"\" data-start=\"1361\" data-end=\"1419\"><p class=\"\" data-start=\"1363\" data-end=\"1419\">Assurer la s\u00e9curit\u00e9 de notre site web et pr\u00e9venir les abus.<\/p><\/li><\/ul><h3 class=\"\" data-start=\"1426\" data-end=\"1447\">3. Partage des donn\u00e9es<\/h3><p class=\"\" data-start=\"1448\" data-end=\"1532\">Nous ne partageons jamais vos informations personnelles avec des tiers \u00e0 des fins commerciales.<\/p><p class=\"\" data-start=\"1534\" data-end=\"1584\">Toutefois, nous pouvons faire appel \u00e0 des prestataires de services de confiance pour :<\/p><ul data-start=\"1585\" data-end=\"1702\"><li class=\"\" data-start=\"1585\" data-end=\"1604\"><p class=\"\" data-start=\"1587\" data-end=\"1604\">H\u00e9bergement de sites web<\/p><\/li><li class=\"\" data-start=\"1605\" data-end=\"1655\"><p class=\"\" data-start=\"1607\" data-end=\"1655\">Gestion de nos distributions de courriels ou de bulletins d&rsquo;information<\/p><\/li><li class=\"\" data-start=\"1656\" data-end=\"1702\"><p class=\"\" data-start=\"1658\" data-end=\"1702\">Traitement des paiements (par exemple, pour un \u00e9v\u00e9nement payant)<\/p><\/li><\/ul><p class=\"\" data-start=\"1704\" data-end=\"1790\">Ces prestataires sont tenus de respecter la confidentialit\u00e9 et la s\u00e9curit\u00e9 de vos donn\u00e9es.<\/p><h3 class=\"\" data-start=\"1797\" data-end=\"1813\">4. Cookies<\/h3><p class=\"\" data-start=\"1814\" data-end=\"1938\">Surya World utilise des cookies pour am\u00e9liorer votre exp\u00e9rience de navigation.<br data-start=\"1875\" data-end=\"1878\">Vous pouvez refuser l&rsquo;utilisation de cookies via les param\u00e8tres de votre navigateur.<\/p><p class=\"\" data-start=\"1940\" data-end=\"1966\">Ces cookies nous permettent de :<\/p><ul data-start=\"1967\" data-end=\"2144\"><li class=\"\" data-start=\"1967\" data-end=\"2021\"><p class=\"\" data-start=\"1969\" data-end=\"2021\">Proposer un site multilingue adapt\u00e9 \u00e0 votre langue<\/p><\/li><li class=\"\" data-start=\"2022\" data-end=\"2099\"><p class=\"\" data-start=\"2024\" data-end=\"2099\">Analyser les visites et le comportement sur le site \u00e0 l&rsquo;aide d&rsquo;outils tels que Google Analytics<\/p><\/li><li class=\"\" data-start=\"2100\" data-end=\"2144\"><p class=\"\" data-start=\"2102\" data-end=\"2144\">Optimiser le contenu en fonction de l&rsquo;int\u00e9r\u00eat des visiteurs<\/p><\/li><\/ul><h3 class=\"\" data-start=\"2151\" data-end=\"2173\">5. S\u00e9curit\u00e9 des donn\u00e9es<\/h3><p class=\"\" data-start=\"2174\" data-end=\"2470\">Nous mettons en \u0153uvre des mesures techniques et organisationnelles pour prot\u00e9ger vos donn\u00e9es personnelles.<br data-start=\"2255\" data-end=\"2258\">Cependant, aucune transmission de donn\u00e9es sur Internet ou m\u00e9thode de stockage n&rsquo;est totalement s\u00e9curis\u00e9e.<br data-start=\"2345\" data-end=\"2348\">Nous vous recommandons donc de ne jamais transmettre d&rsquo;informations sensibles par des canaux non s\u00e9curis\u00e9s (par exemple, un courrier \u00e9lectronique non crypt\u00e9).<\/p><h3 class=\"\" data-start=\"2477\" data-end=\"2497\">6. Vos droits<\/h3><p class=\"\" data-start=\"2498\" data-end=\"2578\">Conform\u00e9ment \u00e0 la r\u00e9glementation applicable (GDPR), vous disposez des droits suivants :<\/p><ul data-start=\"2579\" data-end=\"2742\"><li class=\"\" data-start=\"2579\" data-end=\"2608\"><p class=\"\" data-start=\"2581\" data-end=\"2608\">Droit d&rsquo;acc\u00e8s \u00e0 vos donn\u00e9es<\/p><\/li><li class=\"\" data-start=\"2609\" data-end=\"2635\"><p class=\"\" data-start=\"2611\" data-end=\"2635\">Droit de rectification<\/p><\/li><li class=\"\" data-start=\"2636\" data-end=\"2657\"><p class=\"\" data-start=\"2638\" data-end=\"2657\">Droit \u00e0 l&rsquo;effacement<\/p><\/li><li class=\"\" data-start=\"2658\" data-end=\"2697\"><p class=\"\" data-start=\"2660\" data-end=\"2697\">Droit d&rsquo;opposition ou de limitation du traitement<\/p><\/li><li class=\"\" data-start=\"2698\" data-end=\"2742\"><p class=\"\" data-start=\"2700\" data-end=\"2742\">Droit de retirer votre consentement \u00e0 tout moment<\/p><\/li><\/ul><p class=\"\" data-start=\"2744\" data-end=\"2814\">Pour exercer ces droits, veuillez nous contacter \u00e0 l&rsquo;adresse suivante : contact@surya-world.org<\/p><h3 class=\"\" data-start=\"2821\" data-end=\"2843\">7. Modifications<\/h3><p class=\"\" data-start=\"2844\" data-end=\"2999\">Cette politique peut \u00eatre modifi\u00e9e \u00e0 tout moment, notamment pour se conformer aux changements l\u00e9gislatifs. La date de la derni\u00e8re mise \u00e0 jour est indiqu\u00e9e en haut de cette page. <\/p><h3 class=\"\" data-start=\"3006\" data-end=\"3022\">8. Contact<\/h3><p class=\"\" data-start=\"3023\" data-end=\"3249\">Pour toute question concernant cette politique de confidentialit\u00e9 ou le traitement de vos donn\u00e9es personnelles :<\/p><p class=\"\" data-start=\"3023\" data-end=\"3249\"><strong data-start=\"3114\" data-end=\"3155\">Surya World<\/strong><br data-start=\"3155\" data-end=\"3158\">\ud83d\udce7 contact@surya-world.org<br data-start=\"3183\" data-end=\"3186\">\ud83c\udf10 <a class=\"\" href=\"https:\/\/www.surya-world.org\/\" target=\"_new\" rel=\"noopener\" data-start=\"3189\" data-end=\"3249\">https:\/\/www.surya-world.org\/<\/a><\/p>\t\t\t\t\t\t\t\t<\/div>\n\t\t\t\t<\/div>\n\t\t\t\t\t<\/div>\n\t\t\t\t<\/div>\n\t\t\t\t<\/div>\n\t\t","protected":false},"excerpt":{"rendered":"<p>Politique de confidentialit\u00e9 Derni\u00e8re mise \u00e0 jour : 15 avril 2025 Surya World accorde une grande importance \u00e0 la protection [&hellip;]<\/p>\n","protected":false},"author":2,"featured_media":0,"parent":0,"menu_order":0,"comment_status":"closed","ping_status":"closed","template":"","meta":{"site-sidebar-layout":"no-sidebar","site-content-layout":"","ast-site-content-layout":"normal-width-container","site-content-style":"default","site-sidebar-style":"default","ast-global-header-display":"","ast-banner-title-visibility":"","ast-main-header-display":"","ast-hfb-above-header-display":"","ast-hfb-below-header-display":"","ast-hfb-mobile-header-display":"","site-post-title":"disabled","ast-breadcrumbs-content":"","ast-featured-img":"disabled","footer-sml-layout":"","theme-transparent-header-meta":"","adv-header-id-meta":"","stick-header-meta":"","header-above-stick-meta":"","header-main-stick-meta":"","header-below-stick-meta":"","astra-migrate-meta-layouts":"default","ast-page-background-enabled":"default","ast-page-background-meta":{"desktop":{"background-color":"var(--ast-global-color-5)","background-image":"","background-repeat":"repeat","background-position":"center center","background-size":"auto","background-attachment":"scroll","background-type":"","background-media":"","overlay-type":"","overlay-color":"","overlay-opacity":"","overlay-gradient":""},"tablet":{"background-color":"","background-image":"","background-repeat":"repeat","background-position":"center center","background-size":"auto","background-attachment":"scroll","background-type":"","background-media":"","overlay-type":"","overlay-color":"","overlay-opacity":"","overlay-gradient":""},"mobile":{"background-color":"","background-image":"","background-repeat":"repeat","background-position":"center center","background-size":"auto","background-attachment":"scroll","background-type":"","background-media":"","overlay-type":"","overlay-color":"","overlay-opacity":"","overlay-gradient":""}},"ast-content-background-meta":{"desktop":{"background-color":"var(--ast-global-color-4)","background-image":"","background-repeat":"repeat","background-position":"center center","background-size":"auto","background-attachment":"scroll","background-type":"","background-media":"","overlay-type":"","overlay-color":"","overlay-opacity":"","overlay-gradient":""},"tablet":{"background-color":"var(--ast-global-color-4)","background-image":"","background-repeat":"repeat","background-position":"center center","background-size":"auto","background-attachment":"scroll","background-type":"","background-media":"","overlay-type":"","overlay-color":"","overlay-opacity":"","overlay-gradient":""},"mobile":{"background-color":"var(--ast-global-color-4)","background-image":"","background-repeat":"repeat","background-position":"center center","background-size":"auto","background-attachment":"scroll","background-type":"","background-media":"","overlay-type":"","overlay-color":"","overlay-opacity":"","overlay-gradient":""}},"footnotes":""},"class_list":["post-2794","page","type-page","status-publish","hentry"],"_links":{"self":[{"href":"https:\/\/www.surya-world.org\/fr\/wp-json\/wp\/v2\/pages\/2794","targetHints":{"allow":["GET"]}}],"collection":[{"href":"https:\/\/www.surya-world.org\/fr\/wp-json\/wp\/v2\/pages"}],"about":[{"href":"https:\/\/www.surya-world.org\/fr\/wp-json\/wp\/v2\/types\/page"}],"author":[{"embeddable":true,"href":"https:\/\/www.surya-world.org\/fr\/wp-json\/wp\/v2\/users\/2"}],"replies":[{"embeddable":true,"href":"https:\/\/www.surya-world.org\/fr\/wp-json\/wp\/v2\/comments?post=2794"}],"version-history":[{"count":1,"href":"https:\/\/www.surya-world.org\/fr\/wp-json\/wp\/v2\/pages\/2794\/revisions"}],"predecessor-version":[{"id":2795,"href":"https:\/\/www.surya-world.org\/fr\/wp-json\/wp\/v2\/pages\/2794\/revisions\/2795"}],"wp:attachment":[{"href":"https:\/\/www.surya-world.org\/fr\/wp-json\/wp\/v2\/media?parent=2794"}],"curies":[{"name":"wp","href":"https:\/\/api.w.org\/{rel}","templated":true}]}}