{"id":2886,"date":"2025-04-05T13:45:43","date_gmt":"2025-04-05T17:45:43","guid":{"rendered":"https:\/\/surya-world.org\/actions-sociales\/"},"modified":"2025-04-21T16:21:40","modified_gmt":"2025-04-21T20:21:40","slug":"actions-sociales","status":"publish","type":"page","link":"https:\/\/www.surya-world.org\/fr\/actions-sociales\/","title":{"rendered":"Actions sociales"},"content":{"rendered":"\t\t<div data-elementor-type=\"wp-page\" data-elementor-id=\"2886\" class=\"elementor elementor-2886 elementor-720\" data-elementor-post-type=\"page\">\n\t\t\t\t<div class=\"elementor-element elementor-element-3db1b20 e-con-full e-flex e-con e-parent\" data-id=\"3db1b20\" data-element_type=\"container\" data-e-type=\"container\">\n\t\t<div class=\"elementor-element elementor-element-a524b5b e-con-full e-flex e-con e-child\" data-id=\"a524b5b\" data-element_type=\"container\" data-e-type=\"container\" data-settings=\"{&quot;background_background&quot;:&quot;classic&quot;,&quot;shape_divider_bottom&quot;:&quot;wave-brush&quot;}\">\n\t\t\t\t<div class=\"elementor-shape elementor-shape-bottom\" aria-hidden=\"true\" data-negative=\"false\">\n\t\t\t<svg xmlns=\"http:\/\/www.w3.org\/2000\/svg\" viewBox=\"0 0 283.5 27.8\" preserveAspectRatio=\"none\">\n\t<path class=\"elementor-shape-fill\" d=\"M283.5,9.7c0,0-7.3,4.3-14,4.6c-6.8,0.3-12.6,0-20.9-1.5c-11.3-2-33.1-10.1-44.7-5.7\ts-12.1,4.6-18,7.4c-6.6,3.2-20,9.6-36.6,9.3C131.6,23.5,99.5,7.2,86.3,8c-1.4,0.1-6.6,0.8-10.5,2c-3.8,1.2-9.4,3.8-17,4.7\tc-3.2,0.4-8.3,1.1-14.2,0.9c-1.5-0.1-6.3-0.4-12-1.6c-5.7-1.2-11-3.1-15.8-3.7C6.5,9.2,0,10.8,0,10.8V0h283.5V9.7z M260.8,11.3\tc-0.7-1-2-0.4-4.3-0.4c-2.3,0-6.1-1.2-5.8-1.1c0.3,0.1,3.1,1.5,6,1.9C259.7,12.2,261.4,12.3,260.8,11.3z M242.4,8.6\tc0,0-2.4-0.2-5.6-0.9c-3.2-0.8-10.3-2.8-15.1-3.5c-8.2-1.1-15.8,0-15.1,0.1c0.8,0.1,9.6-0.6,17.6,1.1c3.3,0.7,9.3,2.2,12.4,2.7\tC239.9,8.7,242.4,8.6,242.4,8.6z M185.2,8.5c1.7-0.7-13.3,4.7-18.5,6.1c-2.1,0.6-6.2,1.6-10,2c-3.9,0.4-8.9,0.4-8.8,0.5\tc0,0.2,5.8,0.8,11.2,0c5.4-0.8,5.2-1.1,7.6-1.6C170.5,14.7,183.5,9.2,185.2,8.5z M199.1,6.9c0.2,0-0.8-0.4-4.8,1.1\tc-4,1.5-6.7,3.5-6.9,3.7c-0.2,0.1,3.5-1.8,6.6-3C197,7.5,199,6.9,199.1,6.9z M283,6c-0.1,0.1-1.9,1.1-4.8,2.5s-6.9,2.8-6.7,2.7\tc0.2,0,3.5-0.6,7.4-2.5C282.8,6.8,283.1,5.9,283,6z M31.3,11.6c0.1-0.2-1.9-0.2-4.5-1.2s-5.4-1.6-7.8-2C15,7.6,7.3,8.5,7.7,8.6\tC8,8.7,15.9,8.3,20.2,9.3c2.2,0.5,2.4,0.5,5.7,1.6S31.2,11.9,31.3,11.6z M73,9.2c0.4-0.1,3.5-1.6,8.4-2.6c4.9-1.1,8.9-0.5,8.9-0.8\tc0-0.3-1-0.9-6.2-0.3S72.6,9.3,73,9.2z M71.6,6.7C71.8,6.8,75,5.4,77.3,5c2.3-0.3,1.9-0.5,1.9-0.6c0-0.1-1.1-0.2-2.7,0.2\tC74.8,5.1,71.4,6.6,71.6,6.7z M93.6,4.4c0.1,0.2,3.5,0.8,5.6,1.8c2.1,1,1.8,0.6,1.9,0.5c0.1-0.1-0.8-0.8-2.4-1.3\tC97.1,4.8,93.5,4.2,93.6,4.4z M65.4,11.1c-0.1,0.3,0.3,0.5,1.9-0.2s2.6-1.3,2.2-1.2s-0.9,0.4-2.5,0.8C65.3,10.9,65.5,10.8,65.4,11.1\tz M34.5,12.4c-0.2,0,2.1,0.8,3.3,0.9c1.2,0.1,2,0.1,2-0.2c0-0.3-0.1-0.5-1.6-0.4C36.6,12.8,34.7,12.4,34.5,12.4z M152.2,21.1\tc-0.1,0.1-2.4-0.3-7.5-0.3c-5,0-13.6-2.4-17.2-3.5c-3.6-1.1,10,3.9,16.5,4.1C150.5,21.6,152.3,21,152.2,21.1z\"\/>\n\t<path class=\"elementor-shape-fill\" d=\"M269.6,18c-0.1-0.1-4.6,0.3-7.2,0c-7.3-0.7-17-3.2-16.6-2.9c0.4,0.3,13.7,3.1,17,3.3\tC267.7,18.8,269.7,18,269.6,18z\"\/>\n\t<path class=\"elementor-shape-fill\" d=\"M227.4,9.8c-0.2-0.1-4.5-1-9.5-1.2c-5-0.2-12.7,0.6-12.3,0.5c0.3-0.1,5.9-1.8,13.3-1.2\tS227.6,9.9,227.4,9.8z\"\/>\n\t<path class=\"elementor-shape-fill\" d=\"M204.5,13.4c-0.1-0.1,2-1,3.2-1.1c1.2-0.1,2,0,2,0.3c0,0.3-0.1,0.5-1.6,0.4\tC206.4,12.9,204.6,13.5,204.5,13.4z\"\/>\n\t<path class=\"elementor-shape-fill\" d=\"M201,10.6c0-0.1-4.4,1.2-6.3,2.2c-1.9,0.9-6.2,3.1-6.1,3.1c0.1,0.1,4.2-1.6,6.3-2.6\tS201,10.7,201,10.6z\"\/>\n\t<path class=\"elementor-shape-fill\" d=\"M154.5,26.7c-0.1-0.1-4.6,0.3-7.2,0c-7.3-0.7-17-3.2-16.6-2.9c0.4,0.3,13.7,3.1,17,3.3\tC152.6,27.5,154.6,26.8,154.5,26.7z\"\/>\n\t<path class=\"elementor-shape-fill\" d=\"M41.9,19.3c0,0,1.2-0.3,2.9-0.1c1.7,0.2,5.8,0.9,8.2,0.7c4.2-0.4,7.4-2.7,7-2.6\tc-0.4,0-4.3,2.2-8.6,1.9c-1.8-0.1-5.1-0.5-6.7-0.4S41.9,19.3,41.9,19.3z\"\/>\n\t<path class=\"elementor-shape-fill\" d=\"M75.5,12.6c0.2,0.1,2-0.8,4.3-1.1c2.3-0.2,2.1-0.3,2.1-0.5c0-0.1-1.8-0.4-3.4,0\tC76.9,11.5,75.3,12.5,75.5,12.6z\"\/>\n\t<path class=\"elementor-shape-fill\" d=\"M15.6,13.2c0-0.1,4.3,0,6.7,0.5c2.4,0.5,5,1.9,5,2c0,0.1-2.7-0.8-5.1-1.4\tC19.9,13.7,15.7,13.3,15.6,13.2z\"\/>\n<\/svg>\t\t<\/div>\n\t\t\t\t<\/div>\n\t\t<div class=\"elementor-element elementor-element-ffd18ec e-con-full e-flex e-con e-child\" data-id=\"ffd18ec\" data-element_type=\"container\" data-e-type=\"container\">\n\t\t<div class=\"elementor-element elementor-element-4fc9922 e-con-full e-flex e-con e-child\" data-id=\"4fc9922\" data-element_type=\"container\" data-e-type=\"container\" data-settings=\"{&quot;background_background&quot;:&quot;classic&quot;}\">\n\t\t\t\t<div class=\"elementor-element elementor-element-0f54c97 elementor-widget elementor-widget-heading\" data-id=\"0f54c97\" data-element_type=\"widget\" data-e-type=\"widget\" data-widget_type=\"heading.default\">\n\t\t\t\t<div class=\"elementor-widget-container\">\n\t\t\t\t\t<h1 class=\"elementor-heading-title elementor-size-default\">Actions sociales<\/h1>\t\t\t\t<\/div>\n\t\t\t\t<\/div>\n\t\t\t\t<div class=\"elementor-element elementor-element-a179adc elementor-widget elementor-widget-heading\" data-id=\"a179adc\" data-element_type=\"widget\" data-e-type=\"widget\" data-widget_type=\"heading.default\">\n\t\t\t\t<div class=\"elementor-widget-container\">\n\t\t\t\t\t<h2 class=\"elementor-heading-title elementor-size-default\">Chaque goutte compte<\/h2>\t\t\t\t<\/div>\n\t\t\t\t<\/div>\n\t\t\t\t<\/div>\n\t\t\t\t<\/div>\n\t\t\t\t<\/div>\n\t\t<div class=\"elementor-element elementor-element-41b43f2 e-flex e-con-boxed e-con e-parent\" data-id=\"41b43f2\" data-element_type=\"container\" data-e-type=\"container\">\n\t\t\t\t\t<div class=\"e-con-inner\">\n\t\t\t\t<div class=\"elementor-element elementor-element-bfc4556 elementor-widget elementor-widget-spacer\" data-id=\"bfc4556\" data-element_type=\"widget\" data-e-type=\"widget\" data-widget_type=\"spacer.default\">\n\t\t\t\t<div class=\"elementor-widget-container\">\n\t\t\t\t\t\t\t<div class=\"elementor-spacer\">\n\t\t\t<div class=\"elementor-spacer-inner\"><\/div>\n\t\t<\/div>\n\t\t\t\t\t\t<\/div>\n\t\t\t\t<\/div>\n\t\t\t\t<div class=\"elementor-element elementor-element-c5b85a7 elementor-widget elementor-widget-heading\" data-id=\"c5b85a7\" data-element_type=\"widget\" data-e-type=\"widget\" data-widget_type=\"heading.default\">\n\t\t\t\t<div class=\"elementor-widget-container\">\n\t\t\t\t\t<h2 class=\"elementor-heading-title elementor-size-default\">Agir pour le bien commun<\/h2>\t\t\t\t<\/div>\n\t\t\t\t<\/div>\n\t\t\t\t<div class=\"elementor-element elementor-element-028a3ef elementor-widget elementor-widget-text-editor\" data-id=\"028a3ef\" data-element_type=\"widget\" data-e-type=\"widget\" data-widget_type=\"text-editor.default\">\n\t\t\t\t<div class=\"elementor-widget-container\">\n\t\t\t\t\t\t\t\t\t<p>Chez Surya, contribuer de mani\u00e8re positive \u00e0 la soci\u00e9t\u00e9 fait partie int\u00e9grante de notre mission. Nous consid\u00e9rons qu&rsquo;il est essentiel d&rsquo;agir concr\u00e8tement lorsque des personnes sont dans le besoin, de soutenir les communaut\u00e9s et de d\u00e9fendre les valeurs de dignit\u00e9, de justice et de compassion. Dans un monde confront\u00e9 \u00e0 de nombreux d\u00e9fis, chaque action ancr\u00e9e dans la conscience et la bienveillance fait une diff\u00e9rence.  <\/p>\t\t\t\t\t\t\t\t<\/div>\n\t\t\t\t<\/div>\n\t\t\t\t<div class=\"elementor-element elementor-element-bb2744f elementor-widget elementor-widget-heading\" data-id=\"bb2744f\" data-element_type=\"widget\" data-e-type=\"widget\" data-widget_type=\"heading.default\">\n\t\t\t\t<div class=\"elementor-widget-container\">\n\t\t\t\t\t<h2 class=\"elementor-heading-title elementor-size-default\">Karma Yoga<\/h2>\t\t\t\t<\/div>\n\t\t\t\t<\/div>\n\t\t\t\t<div class=\"elementor-element elementor-element-04a6ca2 elementor-widget elementor-widget-text-editor\" data-id=\"04a6ca2\" data-element_type=\"widget\" data-e-type=\"widget\" data-widget_type=\"text-editor.default\">\n\t\t\t\t<div class=\"elementor-widget-container\">\n\t\t\t\t\t\t\t\t\t<p>Cet esprit d&rsquo;engagement s&rsquo;inspire de la tradition yogique du <em data-start=\"782\" data-end=\"794\">karma yoga<\/em>, le yoga de l&rsquo;action d\u00e9sint\u00e9ress\u00e9e. Pratiquer le karma yoga, c&rsquo;est servir les autres sans attendre de gain personnel, uniquement pour le b\u00e9n\u00e9fice collectif. Chez Surya, nous donnons vie \u00e0 ce principe par le biais d&rsquo;initiatives sociales et d&rsquo;actions solidaires. Servir les autres devient une pratique d&rsquo;humilit\u00e9, de pr\u00e9sence et de connexion, renfor\u00e7ant notre cheminement int\u00e9rieur tout en contribuant activement \u00e0 un monde plus humain et plus conscient.   <\/p>\t\t\t\t\t\t\t\t<\/div>\n\t\t\t\t<\/div>\n\t\t\t\t\t<\/div>\n\t\t\t\t<\/div>\n\t\t<div class=\"elementor-element elementor-element-e7f03ea e-flex e-con-boxed e-con e-parent\" data-id=\"e7f03ea\" data-element_type=\"container\" data-e-type=\"container\">\n\t\t\t\t\t<div class=\"e-con-inner\">\n\t\t\t\t<div class=\"elementor-element elementor-element-b04705c elementor-widget elementor-widget-spacer\" data-id=\"b04705c\" data-element_type=\"widget\" data-e-type=\"widget\" data-widget_type=\"spacer.default\">\n\t\t\t\t<div class=\"elementor-widget-container\">\n\t\t\t\t\t\t\t<div class=\"elementor-spacer\">\n\t\t\t<div class=\"elementor-spacer-inner\"><\/div>\n\t\t<\/div>\n\t\t\t\t\t\t<\/div>\n\t\t\t\t<\/div>\n\t\t\t\t<div class=\"elementor-element elementor-element-a235a9e elementor-widget elementor-widget-heading\" data-id=\"a235a9e\" data-element_type=\"widget\" data-e-type=\"widget\" data-widget_type=\"heading.default\">\n\t\t\t\t<div class=\"elementor-widget-container\">\n\t\t\t\t\t<h2 class=\"elementor-heading-title elementor-size-default\">Nos actions sociales<\/h2>\t\t\t\t<\/div>\n\t\t\t\t<\/div>\n\t\t<div class=\"elementor-element elementor-element-097cb43 e-con-full e-flex e-con e-child\" data-id=\"097cb43\" data-element_type=\"container\" data-e-type=\"container\">\n\t\t<div class=\"elementor-element elementor-element-91e2687 e-con-full e-flex e-con e-child\" data-id=\"91e2687\" data-element_type=\"container\" data-e-type=\"container\">\n\t\t\t\t<div class=\"elementor-element elementor-element-812d263 elementor-widget elementor-widget-image\" data-id=\"812d263\" data-element_type=\"widget\" data-e-type=\"widget\" data-widget_type=\"image.default\">\n\t\t\t\t<div class=\"elementor-widget-container\">\n\t\t\t\t\t\t\t\t\t\t\t\t\t\t\t<img decoding=\"async\" src=\"https:\/\/www.surya-world.org\/wp-content\/uploads\/2025\/04\/school-kids.jpg\" title=\"school kids\" alt=\"school kids in south india with surya team member\" loading=\"lazy\" \/>\t\t\t\t\t\t\t\t\t\t\t\t\t\t\t<\/div>\n\t\t\t\t<\/div>\n\t\t\t\t<\/div>\n\t\t<div class=\"elementor-element elementor-element-42edf4a e-con-full e-flex e-con e-child\" data-id=\"42edf4a\" data-element_type=\"container\" data-e-type=\"container\">\n\t\t\t\t<div class=\"elementor-element elementor-element-9d3c90b elementor-widget elementor-widget-heading\" data-id=\"9d3c90b\" data-element_type=\"widget\" data-e-type=\"widget\" data-widget_type=\"heading.default\">\n\t\t\t\t<div class=\"elementor-widget-container\">\n\t\t\t\t\t<h3 class=\"elementor-heading-title elementor-size-default\">Inde (en cours) - Soutien aux \u00e9coliers<\/h3>\t\t\t\t<\/div>\n\t\t\t\t<\/div>\n\t\t\t\t<div class=\"elementor-element elementor-element-4e1abd2 elementor-widget elementor-widget-text-editor\" data-id=\"4e1abd2\" data-element_type=\"widget\" data-e-type=\"widget\" data-widget_type=\"text-editor.default\">\n\t\t\t\t<div class=\"elementor-widget-container\">\n\t\t\t\t\t\t\t\t\t<p>Depuis plusieurs ann\u00e9es, Surya World soutient une \u00e9cole rurale du Tamil Nadu, dans le sud de l&rsquo;Inde, o\u00f9 de nombreux \u00e9l\u00e8ves sont orphelins. Les dons sont collect\u00e9s gr\u00e2ce \u00e0 des cours de yoga et de m\u00e9ditation solidaires, ce qui permet de fournir des ressources essentielles aux enfants. Lors de nos voyages de groupe en Inde, les membres de l&rsquo;\u00e9quipe se rendent r\u00e9guli\u00e8rement \u00e0 l&rsquo;\u00e9cole pour apporter un soutien direct, en participant aux activit\u00e9s quotidiennes et en aidant \u00e0 la distribution de nourriture. Cet engagement continu est une mani\u00e8re significative de partager, de se connecter et d&rsquo;exprimer la solidarit\u00e9 \u00e0 la fois par l&rsquo;action et la pr\u00e9sence.   <\/p>\t\t\t\t\t\t\t\t<\/div>\n\t\t\t\t<\/div>\n\t\t\t\t<\/div>\n\t\t\t\t<\/div>\n\t\t<div class=\"elementor-element elementor-element-f5eefb6 e-con-full e-flex e-con e-child\" data-id=\"f5eefb6\" data-element_type=\"container\" data-e-type=\"container\">\n\t\t<div class=\"elementor-element elementor-element-e56bf5e e-con-full e-flex e-con e-child\" data-id=\"e56bf5e\" data-element_type=\"container\" data-e-type=\"container\">\n\t\t\t\t<div class=\"elementor-element elementor-element-b1e1654 elementor-widget elementor-widget-image\" data-id=\"b1e1654\" data-element_type=\"widget\" data-e-type=\"widget\" data-widget_type=\"image.default\">\n\t\t\t\t<div class=\"elementor-widget-container\">\n\t\t\t\t\t\t\t\t\t\t\t\t\t\t\t<img decoding=\"async\" src=\"https:\/\/www.surya-world.org\/wp-content\/uploads\/2025\/04\/local-solidarity.jpg\" title=\"local solidarity\" alt=\"christmas presents representing local solidarity actions\" loading=\"lazy\" \/>\t\t\t\t\t\t\t\t\t\t\t\t\t\t\t<\/div>\n\t\t\t\t<\/div>\n\t\t\t\t<\/div>\n\t\t<div class=\"elementor-element elementor-element-e247b96 e-con-full e-flex e-con e-child\" data-id=\"e247b96\" data-element_type=\"container\" data-e-type=\"container\">\n\t\t\t\t<div class=\"elementor-element elementor-element-b8aad3d elementor-widget elementor-widget-heading\" data-id=\"b8aad3d\" data-element_type=\"widget\" data-e-type=\"widget\" data-widget_type=\"heading.default\">\n\t\t\t\t<div class=\"elementor-widget-container\">\n\t\t\t\t\t<h3 class=\"elementor-heading-title elementor-size-default\">France (en cours) - Donations annuels pour l'hiver<\/h3>\t\t\t\t<\/div>\n\t\t\t\t<\/div>\n\t\t\t\t<div class=\"elementor-element elementor-element-2ddf40e elementor-widget elementor-widget-text-editor\" data-id=\"2ddf40e\" data-element_type=\"widget\" data-e-type=\"widget\" data-widget_type=\"text-editor.default\">\n\t\t\t\t<div class=\"elementor-widget-container\">\n\t\t\t\t\t\t\t\t\t<p>Chaque ann\u00e9e en d\u00e9cembre, les Centres Surya de Paris, Montr\u00e9al, Auvergne et Tours organisent un appel aux dons pour soutenir des initiatives sociales locales. A Montr\u00e9al, des v\u00eatements chauds et des cadeaux de No\u00ebl sont collect\u00e9s pour les personnes vivant dans la rue, en partenariat avec Pact de Rue. \u00c0 Tours, les dons soutiennent Utopia 56 et La Table de Jeanne-Marie. A Paris, des dons alimentaires sont collect\u00e9s pour les Restos du C\u0153ur, et en Auvergne, des bo\u00eetes de No\u00ebl sont pr\u00e9par\u00e9es pour l&rsquo;association Anef 03-63.   <\/p>\t\t\t\t\t\t\t\t<\/div>\n\t\t\t\t<\/div>\n\t\t\t\t<\/div>\n\t\t\t\t<\/div>\n\t\t<div class=\"elementor-element elementor-element-30db87b e-con-full e-flex e-con e-child\" data-id=\"30db87b\" data-element_type=\"container\" data-e-type=\"container\">\n\t\t<div class=\"elementor-element elementor-element-793a709 e-con-full e-flex e-con e-child\" data-id=\"793a709\" data-element_type=\"container\" data-e-type=\"container\">\n\t\t\t\t<div class=\"elementor-element elementor-element-85efb19 elementor-widget elementor-widget-image\" data-id=\"85efb19\" data-element_type=\"widget\" data-e-type=\"widget\" data-widget_type=\"image.default\">\n\t\t\t\t<div class=\"elementor-widget-container\">\n\t\t\t\t\t\t\t\t\t\t\t\t\t\t\t<img decoding=\"async\" src=\"https:\/\/www.surya-world.org\/wp-content\/uploads\/2025\/04\/Thailand-flooding-500x300-1.jpg\" title=\"Thailand flooding 500&#215;300\" alt=\"Thailand flooding\" loading=\"lazy\" \/>\t\t\t\t\t\t\t\t\t\t\t\t\t\t\t<\/div>\n\t\t\t\t<\/div>\n\t\t\t\t<\/div>\n\t\t<div class=\"elementor-element elementor-element-6b20852 e-con-full e-flex e-con e-child\" data-id=\"6b20852\" data-element_type=\"container\" data-e-type=\"container\">\n\t\t\t\t<div class=\"elementor-element elementor-element-131739f elementor-widget elementor-widget-heading\" data-id=\"131739f\" data-element_type=\"widget\" data-e-type=\"widget\" data-widget_type=\"heading.default\">\n\t\t\t\t<div class=\"elementor-widget-container\">\n\t\t\t\t\t<h3 class=\"elementor-heading-title elementor-size-default\">Tha\u00eflande 2024 - Collecte de fonds pour les victimes des inondations<\/h3>\t\t\t\t<\/div>\n\t\t\t\t<\/div>\n\t\t\t\t<div class=\"elementor-element elementor-element-c2e2157 elementor-widget elementor-widget-text-editor\" data-id=\"c2e2157\" data-element_type=\"widget\" data-e-type=\"widget\" data-widget_type=\"text-editor.default\">\n\t\t\t\t<div class=\"elementor-widget-container\">\n\t\t\t\t\t\t\t\t\t<p>En octobre 2024, de fortes inondations ont frapp\u00e9 les r\u00e9gions autour de Chiang Mai, dans le nord de la Tha\u00eflande, laissant de nombreuses personnes sans rien du jour au lendemain. Apr\u00e8s avoir \u00e9t\u00e9 inform\u00e9s de la situation par un contact local, les professeurs de Surya Yoga au Canada et en France se sont rapidement mobilis\u00e9s. En quelques jours, nous avons organis\u00e9 des cours et des \u00e9v\u00e9nements pour sensibiliser le public et collecter des fonds pour les personnes touch\u00e9es. Gr\u00e2ce \u00e0 notre r\u00e9seau international, nous avons pu apporter ce soutien rapidement et directement \u00e0 la population locale.   <\/p>\t\t\t\t\t\t\t\t<\/div>\n\t\t\t\t<\/div>\n\t\t\t\t<\/div>\n\t\t\t\t<\/div>\n\t\t<div class=\"elementor-element elementor-element-24700c0 e-con-full e-flex e-con e-child\" data-id=\"24700c0\" data-element_type=\"container\" data-e-type=\"container\">\n\t\t<div class=\"elementor-element elementor-element-9919fb9 e-con-full e-flex e-con e-child\" data-id=\"9919fb9\" data-element_type=\"container\" data-e-type=\"container\">\n\t\t\t\t<div class=\"elementor-element elementor-element-a729903 elementor-widget elementor-widget-image\" data-id=\"a729903\" data-element_type=\"widget\" data-e-type=\"widget\" data-widget_type=\"image.default\">\n\t\t\t\t<div class=\"elementor-widget-container\">\n\t\t\t\t\t\t\t\t\t\t\t\t\t\t\t<img decoding=\"async\" src=\"https:\/\/www.surya-world.org\/wp-content\/uploads\/2025\/04\/Ukraine-support.jpg\" title=\"Ukraine support\" alt=\"Filled van showing Surya&#039;s Ukraine support\" loading=\"lazy\" \/>\t\t\t\t\t\t\t\t\t\t\t\t\t\t\t<\/div>\n\t\t\t\t<\/div>\n\t\t\t\t<\/div>\n\t\t<div class=\"elementor-element elementor-element-59463ac e-con-full e-flex e-con e-child\" data-id=\"59463ac\" data-element_type=\"container\" data-e-type=\"container\">\n\t\t\t\t<div class=\"elementor-element elementor-element-721d931 elementor-widget elementor-widget-heading\" data-id=\"721d931\" data-element_type=\"widget\" data-e-type=\"widget\" data-widget_type=\"heading.default\">\n\t\t\t\t<div class=\"elementor-widget-container\">\n\t\t\t\t\t<h3 class=\"elementor-heading-title elementor-size-default\">Ukraine 2022 - Soutien aux r\u00e9fugi\u00e9s<\/h3>\t\t\t\t<\/div>\n\t\t\t\t<\/div>\n\t\t\t\t<div class=\"elementor-element elementor-element-8df19f4 elementor-widget elementor-widget-text-editor\" data-id=\"8df19f4\" data-element_type=\"widget\" data-e-type=\"widget\" data-widget_type=\"text-editor.default\">\n\t\t\t\t<div class=\"elementor-widget-container\">\n\t\t\t\t\t\t\t\t\t<p>Au printemps 2022, Surya World a lanc\u00e9 une initiative de solidarit\u00e9 \u00e0 petite \u00e9chelle pour aider les Ukrainiens en leur apportant une aide d&rsquo;urgence et un soutien logistique. En collaboration avec des partenaires locaux, des municipalit\u00e9s et des dispositifs d&rsquo;aide existants en Pologne et en France, nous assurons le transport et le logement des r\u00e9fugi\u00e9s qui souhaitent se r\u00e9installer en France. <br><span style=\"color: #666666; font-family: Raleway;\">L&rsquo;initiative de Surya World s&rsquo;inscrit dans une dynamique globale de rassemblement spontan\u00e9 de citoyens et d&rsquo;organisations de bonne volont\u00e9. Elle vise \u00e0 renforcer l&rsquo;aide humanitaire d\u00e9ploy\u00e9e dans l&rsquo;urgence par les pays europ\u00e9ens en apportant un soutien rapide et efficace aux habitants et ressortissants ukrainiens. <\/span><\/p>\t\t\t\t\t\t\t\t<\/div>\n\t\t\t\t<\/div>\n\t\t\t\t<\/div>\n\t\t\t\t<\/div>\n\t\t<div class=\"elementor-element elementor-element-7876cbb e-con-full e-flex e-con e-child\" data-id=\"7876cbb\" data-element_type=\"container\" data-e-type=\"container\">\n\t\t<div class=\"elementor-element elementor-element-5768b0e e-con-full e-flex e-con e-child\" data-id=\"5768b0e\" data-element_type=\"container\" data-e-type=\"container\">\n\t\t\t\t<div class=\"elementor-element elementor-element-a435131 elementor-widget elementor-widget-image\" data-id=\"a435131\" data-element_type=\"widget\" data-e-type=\"widget\" data-widget_type=\"image.default\">\n\t\t\t\t<div class=\"elementor-widget-container\">\n\t\t\t\t\t\t\t\t\t\t\t\t\t\t\t<img decoding=\"async\" src=\"https:\/\/www.surya-world.org\/wp-content\/uploads\/2025\/04\/nepal-earthquake.jpg\" title=\"nepal earthquake\" alt=\"disctructions by nepal earthquake\" loading=\"lazy\" \/>\t\t\t\t\t\t\t\t\t\t\t\t\t\t\t<\/div>\n\t\t\t\t<\/div>\n\t\t\t\t<\/div>\n\t\t<div class=\"elementor-element elementor-element-4fcfd37 e-con-full e-flex e-con e-child\" data-id=\"4fcfd37\" data-element_type=\"container\" data-e-type=\"container\">\n\t\t\t\t<div class=\"elementor-element elementor-element-4c92d94 elementor-widget elementor-widget-heading\" data-id=\"4c92d94\" data-element_type=\"widget\" data-e-type=\"widget\" data-widget_type=\"heading.default\">\n\t\t\t\t<div class=\"elementor-widget-container\">\n\t\t\t\t\t<h3 class=\"elementor-heading-title elementor-size-default\">N\u00e9pal 2015 - Soutien aux victimes du tremblement de terre<\/h3>\t\t\t\t<\/div>\n\t\t\t\t<\/div>\n\t\t\t\t<div class=\"elementor-element elementor-element-fcd117f elementor-widget elementor-widget-text-editor\" data-id=\"fcd117f\" data-element_type=\"widget\" data-e-type=\"widget\" data-widget_type=\"text-editor.default\">\n\t\t\t\t<div class=\"elementor-widget-container\">\n\t\t\t\t\t\t\t\t\t<p>En avril 2015, suite au tremblement de terre d\u00e9vastateur au N\u00e9pal, Surya World a lanc\u00e9 un appel aux dons pour soutenir les victimes, en particulier dans les zones rurales isol\u00e9es qui ont \u00e9t\u00e9 s\u00e9v\u00e8rement touch\u00e9es et coup\u00e9es des infrastructures essentielles. Gr\u00e2ce \u00e0 nos contacts locaux, nous avons pu r\u00e9pondre rapidement et efficacement, en acheminant l&rsquo;aide directement \u00e0 ceux qui en avaient besoin. Cet effort collectif a d\u00e9montr\u00e9 la force de la solidarit\u00e9 internationale et le pouvoir de notre communaut\u00e9 \u00e0 se mobiliser et \u00e0 apporter une aide significative en temps de crise.  <\/p>\t\t\t\t\t\t\t\t<\/div>\n\t\t\t\t<\/div>\n\t\t\t\t<\/div>\n\t\t\t\t<\/div>\n\t\t\t\t\t<\/div>\n\t\t\t\t<\/div>\n\t\t\t\t<\/div>\n\t\t","protected":false},"excerpt":{"rendered":"<p>Actions sociales Chaque goutte compte Agir pour le bien commun Chez Surya, contribuer de mani\u00e8re positive \u00e0 la soci\u00e9t\u00e9 fait [&hellip;]<\/p>\n","protected":false},"author":2,"featured_media":2718,"parent":0,"menu_order":0,"comment_status":"closed","ping_status":"closed","template":"","meta":{"site-sidebar-layout":"no-sidebar","site-content-layout":"","ast-site-content-layout":"normal-width-container","site-content-style":"default","site-sidebar-style":"default","ast-global-header-display":"","ast-banner-title-visibility":"","ast-main-header-display":"","ast-hfb-above-header-display":"","ast-hfb-below-header-display":"","ast-hfb-mobile-header-display":"","site-post-title":"disabled","ast-breadcrumbs-content":"","ast-featured-img":"disabled","footer-sml-layout":"","theme-transparent-header-meta":"","adv-header-id-meta":"","stick-header-meta":"","header-above-stick-meta":"","header-main-stick-meta":"","header-below-stick-meta":"","astra-migrate-meta-layouts":"default","ast-page-background-enabled":"default","ast-page-background-meta":{"desktop":{"background-color":"var(--ast-global-color-5)","background-image":"","background-repeat":"repeat","background-position":"center center","background-size":"auto","background-attachment":"scroll","background-type":"","background-media":"","overlay-type":"","overlay-color":"","overlay-opacity":"","overlay-gradient":""},"tablet":{"background-color":"","background-image":"","background-repeat":"repeat","background-position":"center center","background-size":"auto","background-attachment":"scroll","background-type":"","background-media":"","overlay-type":"","overlay-color":"","overlay-opacity":"","overlay-gradient":""},"mobile":{"background-color":"","background-image":"","background-repeat":"repeat","background-position":"center center","background-size":"auto","background-attachment":"scroll","background-type":"","background-media":"","overlay-type":"","overlay-color":"","overlay-opacity":"","overlay-gradient":""}},"ast-content-background-meta":{"desktop":{"background-color":"var(--ast-global-color-4)","background-image":"","background-repeat":"repeat","background-position":"center center","background-size":"auto","background-attachment":"scroll","background-type":"","background-media":"","overlay-type":"","overlay-color":"","overlay-opacity":"","overlay-gradient":""},"tablet":{"background-color":"var(--ast-global-color-4)","background-image":"","background-repeat":"repeat","background-position":"center center","background-size":"auto","background-attachment":"scroll","background-type":"","background-media":"","overlay-type":"","overlay-color":"","overlay-opacity":"","overlay-gradient":""},"mobile":{"background-color":"var(--ast-global-color-4)","background-image":"","background-repeat":"repeat","background-position":"center center","background-size":"auto","background-attachment":"scroll","background-type":"","background-media":"","overlay-type":"","overlay-color":"","overlay-opacity":"","overlay-gradient":""}},"footnotes":""},"class_list":["post-2886","page","type-page","status-publish","has-post-thumbnail","hentry"],"_links":{"self":[{"href":"https:\/\/www.surya-world.org\/fr\/wp-json\/wp\/v2\/pages\/2886","targetHints":{"allow":["GET"]}}],"collection":[{"href":"https:\/\/www.surya-world.org\/fr\/wp-json\/wp\/v2\/pages"}],"about":[{"href":"https:\/\/www.surya-world.org\/fr\/wp-json\/wp\/v2\/types\/page"}],"author":[{"embeddable":true,"href":"https:\/\/www.surya-world.org\/fr\/wp-json\/wp\/v2\/users\/2"}],"replies":[{"embeddable":true,"href":"https:\/\/www.surya-world.org\/fr\/wp-json\/wp\/v2\/comments?post=2886"}],"version-history":[{"count":2,"href":"https:\/\/www.surya-world.org\/fr\/wp-json\/wp\/v2\/pages\/2886\/revisions"}],"predecessor-version":[{"id":7366,"href":"https:\/\/www.surya-world.org\/fr\/wp-json\/wp\/v2\/pages\/2886\/revisions\/7366"}],"wp:featuredmedia":[{"embeddable":true,"href":"https:\/\/www.surya-world.org\/fr\/wp-json\/wp\/v2\/media\/2718"}],"wp:attachment":[{"href":"https:\/\/www.surya-world.org\/fr\/wp-json\/wp\/v2\/media?parent=2886"}],"curies":[{"name":"wp","href":"https:\/\/api.w.org\/{rel}","templated":true}]}}