{"id":3461,"date":"2025-04-24T17:28:31","date_gmt":"2025-04-24T21:28:31","guid":{"rendered":"https:\/\/www.surya-world.org\/?page_id=3461"},"modified":"2025-05-01T10:32:58","modified_gmt":"2025-05-01T14:32:58","slug":"plan-du-site","status":"publish","type":"page","link":"https:\/\/www.surya-world.org\/fr\/plan-du-site\/","title":{"rendered":"Plan du site"},"content":{"rendered":"<div id=\"simple-sitemap-container-69e1ac3d1e08e\" class=\"simple-sitemap-container simple-sitemap-container-69e1ac3d1e08e tab-disabled\"><div class=\"simple-sitemap-wrap\"><h3 class=\"post-type\">Pages<\/h3><ul class=\"simple-sitemap-page main\"><li class=\"sitemap-item page_item page-item-2178 page_item_has_children\"><a href=\"https:\/\/www.surya-world.org\/fr\/a-propos\/\">A propos<\/a>\n<ul class='children'>\n\t<li class=\"sitemap-item page_item page-item-3771\"><a href=\"https:\/\/www.surya-world.org\/fr\/a-propos\/bernhard-obojes\/\">Bernhard Obojes<\/a><\/li>\n\t<li class=\"sitemap-item page_item page-item-3825\"><a href=\"https:\/\/www.surya-world.org\/fr\/a-propos\/claudette-ah-soon\/\">Claudette Ah-Soon<\/a><\/li>\n\t<li class=\"sitemap-item page_item page-item-3803\"><a href=\"https:\/\/www.surya-world.org\/fr\/a-propos\/dominic-savaria\/\">Dominic Savaria<\/a><\/li>\n\t<li class=\"sitemap-item page_item page-item-2266\"><a href=\"https:\/\/www.surya-world.org\/fr\/a-propos\/jite-brume\/\">Jite Brume<\/a><\/li>\n\t<li class=\"sitemap-item page_item page-item-2269\"><a href=\"https:\/\/www.surya-world.org\/fr\/a-propos\/lea-leroy\/\">L\u00e9a Leroy<\/a><\/li>\n\t<li class=\"sitemap-item page_item page-item-3813\"><a href=\"https:\/\/www.surya-world.org\/fr\/a-propos\/manon-mazenod\/\">Manon Mazenod<\/a><\/li>\n\t<li class=\"sitemap-item page_item page-item-3784\"><a href=\"https:\/\/www.surya-world.org\/fr\/a-propos\/marine-le-bihan\/\">Marine Le Bihan<\/a><\/li>\n\t<li class=\"sitemap-item page_item page-item-3794\"><a href=\"https:\/\/www.surya-world.org\/fr\/a-propos\/mathias-lanier\/\">Mathias Lanier<\/a><\/li>\n\t<li class=\"sitemap-item page_item page-item-2275\"><a href=\"https:\/\/www.surya-world.org\/fr\/a-propos\/stephane-chollet\/\">St\u00e9phane Chollet<\/a><\/li>\n\t<li class=\"sitemap-item page_item page-item-2255\"><a href=\"https:\/\/www.surya-world.org\/fr\/a-propos\/suzy-mendes\/\">Suzy Mendes<\/a><\/li>\n<\/ul>\n<\/li>\n<li class=\"sitemap-item page_item page-item-1556\"><a href=\"https:\/\/www.surya-world.org\/fr\/\">Accueil<\/a><\/li>\n<li class=\"sitemap-item page_item page-item-2886\"><a href=\"https:\/\/www.surya-world.org\/fr\/actions-sociales\/\">Actions sociales<\/a><\/li>\n<li class=\"sitemap-item page_item page-item-2176\"><a href=\"https:\/\/www.surya-world.org\/fr\/activites\/\">Activit\u00e9s<\/a><\/li>\n<li class=\"sitemap-item page_item page-item-2837\"><a href=\"https:\/\/www.surya-world.org\/fr\/auvergne\/\">Auvergne<\/a><\/li>\n<li class=\"sitemap-item page_item page-item-2905\"><a href=\"https:\/\/www.surya-world.org\/fr\/blog\/\">Blog<\/a><\/li>\n<li class=\"sitemap-item page_item page-item-2183\"><a href=\"https:\/\/www.surya-world.org\/fr\/centres\/\">Centres<\/a><\/li>\n<li class=\"sitemap-item page_item page-item-2185\"><a href=\"https:\/\/www.surya-world.org\/fr\/classes\/\">Classes<\/a><\/li>\n<li class=\"sitemap-item page_item page-item-2849 page_item_has_children\"><a href=\"https:\/\/www.surya-world.org\/fr\/conferences\/\">Conf\u00e9rences<\/a>\n<ul class='children'>\n\t<li class=\"sitemap-item page_item page-item-5247\"><a href=\"https:\/\/www.surya-world.org\/fr\/conferences\/kausthub-desikachar\/\">Kausthub Desikachar (Krishnamacharya)<\/a><\/li>\n\t<li class=\"sitemap-item page_item page-item-4939\"><a href=\"https:\/\/www.surya-world.org\/fr\/conferences\/ma-devaki\/\">Ma Devaki (Yogi Ramsuratkumar)<\/a><\/li>\n\t<li class=\"sitemap-item page_item page-item-7180\"><a href=\"https:\/\/www.surya-world.org\/fr\/conferences\/sri-m-kriya-yoga\/\">Sri M (Kriya Yoga)<\/a><\/li>\n<\/ul>\n<\/li>\n<li class=\"sitemap-item page_item page-item-2201\"><a href=\"https:\/\/www.surya-world.org\/fr\/contact\/\">Contact<\/a><\/li>\n<li class=\"sitemap-item page_item page-item-2909\"><a href=\"https:\/\/www.surya-world.org\/fr\/donation\/\">Donation<\/a><\/li>\n<li class=\"sitemap-item page_item page-item-2870\"><a href=\"https:\/\/www.surya-world.org\/fr\/ecologie\/\">Ecologie<\/a><\/li>\n<li class=\"sitemap-item page_item page-item-2756 page_item_has_children\"><a href=\"https:\/\/www.surya-world.org\/fr\/formation\/\">Formation<\/a>\n<ul class='children'>\n\t<li class=\"sitemap-item page_item page-item-4645\"><a href=\"https:\/\/www.surya-world.org\/fr\/formation\/masterclass\/\">Masterclass<\/a><\/li>\n<\/ul>\n<\/li>\n<li class=\"sitemap-item page_item page-item-2851\"><a href=\"https:\/\/www.surya-world.org\/fr\/groupe-detude\/\">Groupe d'\u00e9tude<\/a><\/li>\n<li class=\"sitemap-item page_item page-item-2859\"><a href=\"https:\/\/www.surya-world.org\/fr\/meditation\/\">M\u00e9ditation<\/a><\/li>\n<li class=\"sitemap-item page_item page-item-2797 page_item_has_children\"><a href=\"https:\/\/www.surya-world.org\/fr\/montreal\/\">Montr\u00e9al<\/a>\n<ul class='children'>\n\t<li class=\"sitemap-item page_item page-item-7362\"><a href=\"https:\/\/www.surya-world.org\/fr\/montreal\/actions-solidaires\/\">Actions Solidaires<\/a><\/li>\n\t<li class=\"sitemap-item page_item page-item-7422\"><a href=\"https:\/\/www.surya-world.org\/fr\/montreal\/bienetre\/\">bienetre<\/a><\/li>\n\t<li class=\"sitemap-item page_item page-item-2805\"><a href=\"https:\/\/www.surya-world.org\/fr\/montreal\/cours-en-entreprise\/\">Cours en entreprise<\/a><\/li>\n\t<li class=\"sitemap-item page_item page-item-7944\"><a href=\"https:\/\/www.surya-world.org\/fr\/montreal\/encens\/\">Encens<\/a><\/li>\n\t<li class=\"sitemap-item page_item page-item-2888\"><a href=\"https:\/\/www.surya-world.org\/fr\/montreal\/forfaits\/\">Forfaits<\/a><\/li>\n\t<li class=\"sitemap-item page_item page-item-8024\"><a href=\"https:\/\/www.surya-world.org\/fr\/montreal\/formation-2026\/\">Formation de yoga<\/a><\/li>\n\t<li class=\"sitemap-item page_item page-item-6466\"><a href=\"https:\/\/www.surya-world.org\/fr\/montreal\/immersion-yoga-et-taijiquan\/\">Immersion Yoga et Taijiquan<\/a><\/li>\n\t<li class=\"sitemap-item page_item page-item-2769\"><a href=\"https:\/\/www.surya-world.org\/fr\/montreal\/inscription\/\">Inscription<\/a><\/li>\n\t<li class=\"sitemap-item page_item page-item-8096\"><a href=\"https:\/\/www.surya-world.org\/fr\/montreal\/premiere-visite\/\">Premiere visite<\/a><\/li>\n\t<li class=\"sitemap-item page_item page-item-2781\"><a href=\"https:\/\/www.surya-world.org\/fr\/montreal\/retraite-quebec\/\">Retraites Qu\u00e9bec<\/a><\/li>\n\t<li class=\"sitemap-item page_item page-item-2819\"><a href=\"https:\/\/www.surya-world.org\/fr\/montreal\/rosemont\/\">Rosemont<\/a><\/li>\n\t<li class=\"sitemap-item page_item page-item-2764\"><a href=\"https:\/\/www.surya-world.org\/fr\/montreal\/location-salle\/\">Salle \u00e0 louer<\/a><\/li>\n\t<li class=\"sitemap-item page_item page-item-6270\"><a href=\"https:\/\/www.surya-world.org\/fr\/montreal\/specificites\/\">Surya Montr\u00e9al Sp\u00e9cificit\u00e9s<\/a><\/li>\n<\/ul>\n<\/li>\n<li class=\"sitemap-item page_item page-item-2856\"><a href=\"https:\/\/www.surya-world.org\/fr\/online\/\">Online<\/a><\/li>\n<li class=\"sitemap-item page_item page-item-2828\"><a href=\"https:\/\/www.surya-world.org\/fr\/paris\/\">Paris<\/a><\/li>\n<li class=\"sitemap-item page_item page-item-2866\"><a href=\"https:\/\/www.surya-world.org\/fr\/partenariats\/\">Partenariats<\/a><\/li>\n<li class=\"sitemap-item page_item page-item-3461\"><a href=\"https:\/\/www.surya-world.org\/fr\/plan-du-site\/\">Plan du site<\/a><\/li>\n<li class=\"sitemap-item page_item page-item-2794\"><a href=\"https:\/\/www.surya-world.org\/fr\/politique-de-confidentialite\/\">Politique de confidentialit\u00e9<\/a><\/li>\n<li class=\"sitemap-item page_item page-item-3971\"><a href=\"https:\/\/www.surya-world.org\/fr\/politique-en-matiere-de-cookies-ca\/\">Politique en mati\u00e8re de cookies (CA)<\/a><\/li>\n<li class=\"sitemap-item page_item page-item-2912\"><a href=\"https:\/\/www.surya-world.org\/fr\/politique-en-matiere-de-cookies-ue\/\">Politique en mati\u00e8re de cookies (UE)<\/a><\/li>\n<li class=\"sitemap-item page_item page-item-2199\"><a href=\"https:\/\/www.surya-world.org\/fr\/projets\/\">Projets<\/a><\/li>\n<li class=\"sitemap-item page_item page-item-2864\"><a href=\"https:\/\/www.surya-world.org\/fr\/qi-gong-tai-chi\/\">Qi-gong \/ Tai-chi<\/a><\/li>\n<li class=\"sitemap-item page_item page-item-5609\"><a href=\"https:\/\/www.surya-world.org\/fr\/retraite-france\/\">Retraite en France<\/a><\/li>\n<li class=\"sitemap-item page_item page-item-2868 page_item_has_children\"><a href=\"https:\/\/www.surya-world.org\/fr\/retraites\/\">Retraites<\/a>\n<ul class='children'>\n\t<li class=\"sitemap-item page_item page-item-2877\"><a href=\"https:\/\/www.surya-world.org\/fr\/retraites\/inde-du-nord\/\">Inde du Nord<\/a><\/li>\n\t<li class=\"sitemap-item page_item page-item-2882\"><a href=\"https:\/\/www.surya-world.org\/fr\/retraites\/inde-du-sud\/\">Inde du Sud<\/a><\/li>\n\t<li class=\"sitemap-item page_item page-item-2898\"><a href=\"https:\/\/www.surya-world.org\/fr\/retraites\/thailande\/\">Tha\u00eflande<\/a><\/li>\n<\/ul>\n<\/li>\n<li class=\"sitemap-item page_item page-item-2831\"><a href=\"https:\/\/www.surya-world.org\/fr\/reunion\/\">R\u00e9union<\/a><\/li>\n<li class=\"sitemap-item page_item page-item-2840 page_item_has_children\"><a href=\"https:\/\/www.surya-world.org\/fr\/reykjavik\/\">Reykjavik<\/a>\n<ul class='children'>\n\t<li class=\"sitemap-item page_item page-item-2862\"><a href=\"https:\/\/www.surya-world.org\/fr\/reykjavik\/postnatal\/\">Postnatal<\/a><\/li>\n<\/ul>\n<\/li>\n<li class=\"sitemap-item page_item page-item-3497\"><a href=\"https:\/\/www.surya-world.org\/fr\/termes-et-conditions\/\">Termes et conditions d\u2019utilisation<\/a><\/li>\n<li class=\"sitemap-item page_item page-item-2843\"><a href=\"https:\/\/www.surya-world.org\/fr\/tours\/\">Tours<\/a><\/li>\n<li class=\"sitemap-item page_item page-item-2751\"><a href=\"https:\/\/www.surya-world.org\/fr\/yoga\/\">Yoga<\/a><\/li>\n<\/ul><\/div><\/div><br style=\"clear: both;\">\n\n\n<div id=\"simple-sitemap-container-69e1ac3d43a7c\" class=\"simple-sitemap-container simple-sitemap-container-69e1ac3d43a7c\"><h3 class=\"post-type\">Articles<\/h3><div class=\"simple-sitemap-wrap ayurveda-fr\"><h3 class=\"term-tag\">Ayurveda<\/h3><ul class=\"simple-sitemap-post main\"><li class=\"sitemap-item\"><a href=\"https:\/\/www.surya-world.org\/fr\/plantes-ayurvediques\/\">4 Plantes utilis\u00e9es en Ayurveda pour r\u00e9duire le stress<\/a><\/li><li class=\"sitemap-item\"><a href=\"https:\/\/www.surya-world.org\/fr\/sadhaka-pitta\/\">Gu\u00e9rissez vos \u00e9motions et votre esprit<\/a><\/li><li class=\"sitemap-item\"><a href=\"https:\/\/www.surya-world.org\/fr\/nutrition-ayurvedique\/\">La nutrition ayurv\u00e9dique et sa compl\u00e9mentarit\u00e9 avec la pratique du yoga<\/a><\/li><li class=\"sitemap-item\"><a href=\"https:\/\/www.surya-world.org\/fr\/prana\/\">Le Prana selon la perspective ayurv\u00e9dique<\/a><\/li><li class=\"sitemap-item\"><a href=\"https:\/\/www.surya-world.org\/fr\/quest-ce-que-layurveda\/\">Qu\u2019est-ce-que l\u2019ayurveda ?<\/a><\/li><li class=\"sitemap-item\"><a href=\"https:\/\/www.surya-world.org\/fr\/kitchari\/\">Recette ayurv\u00e9dique : Le Kitchari<\/a><\/li><\/ul><\/div><div class=\"simple-sitemap-wrap la-philosophie-du-yoga\"><h3 class=\"term-tag\">La Philosophie du Yoga<\/h3><ul class=\"simple-sitemap-post main\"><li class=\"sitemap-item\"><a href=\"https:\/\/www.surya-world.org\/fr\/hindu-temple-and-the-structure-of-human-body-comparison-2\/\">Hindu Temple and the Structure of Human Body: Comparison<\/a><\/li><li class=\"sitemap-item\"><a href=\"https:\/\/www.surya-world.org\/fr\/corps-emotionnel\/\">Le corps \u00e9motionnel selon la tradition yogique<\/a><\/li><li class=\"sitemap-item\"><a href=\"https:\/\/www.surya-world.org\/fr\/corps-energetique\/\">Le corps \u00e9nerg\u00e9tique selon la tradition yogique<\/a><\/li><li class=\"sitemap-item\"><a href=\"https:\/\/www.surya-world.org\/fr\/corps-mental\/\">Le corps mental selon la tradition yogique<\/a><\/li><li class=\"sitemap-item\"><a href=\"https:\/\/www.surya-world.org\/fr\/corps\/\">Nos 5 corps selon la tradition yogique<\/a><\/li><\/ul><\/div><div class=\"simple-sitemap-wrap yoga-ashtanga\"><h3 class=\"term-tag\">Yoga Ashtanga<\/h3><ul class=\"simple-sitemap-post main\"><li class=\"sitemap-item\"><a href=\"https:\/\/www.surya-world.org\/fr\/asana\/\">Asana : la posture<\/a><\/li><li class=\"sitemap-item\"><a href=\"https:\/\/www.surya-world.org\/fr\/ashtanga-yoga\/\">Ashtanga Yoga : la d\u00e9finition originale<\/a><\/li><li class=\"sitemap-item\"><a href=\"https:\/\/www.surya-world.org\/fr\/dharana-dhyana\/\">Dharana : la concentration et Dhyana : la m\u00e9ditation<\/a><\/li><li class=\"sitemap-item\"><a href=\"https:\/\/www.surya-world.org\/fr\/pranayama\/\">Pranayama : le souffle<\/a><\/li><li class=\"sitemap-item\"><a href=\"https:\/\/www.surya-world.org\/fr\/pratyahara-le-retrait-des-sens\/\">Pratyahara : le retrait des sens<\/a><\/li><li class=\"sitemap-item\"><a href=\"https:\/\/www.surya-world.org\/fr\/sagarbha-pranayama\/\">Sagarbha Pranayama<\/a><\/li><li class=\"sitemap-item\"><a href=\"https:\/\/www.surya-world.org\/fr\/samadhi-labsorption\/\">Samadhi : l\u2019absorption<\/a><\/li><li class=\"sitemap-item\"><a href=\"https:\/\/www.surya-world.org\/fr\/surya-namaskar\/\">Surya Namaskar : la Salutation au Soleil<\/a><\/li><li class=\"sitemap-item\"><a href=\"https:\/\/www.surya-world.org\/fr\/symbolisme-de-surya-namaskar\/\">Symbolisme de Surya Namaskar<\/a><\/li><li class=\"sitemap-item\"><a href=\"https:\/\/www.surya-world.org\/fr\/vinyasa\/\">Vinyasa<\/a><\/li><li class=\"sitemap-item\"><a href=\"https:\/\/www.surya-world.org\/fr\/yama-and-niyama-les-preliminaires-du-yoga\/\">Yama et Niyama : les pr\u00e9liminaires du yoga<\/a><\/li><\/ul><\/div><\/div><br style=\"clear: both\">\n\n\n\n<p><\/p>\n","protected":false},"excerpt":{"rendered":"","protected":false},"author":1,"featured_media":0,"parent":0,"menu_order":0,"comment_status":"closed","ping_status":"closed","template":"","meta":{"site-sidebar-layout":"default","site-content-layout":"","ast-site-content-layout":"default","site-content-style":"default","site-sidebar-style":"default","ast-global-header-display":"","ast-banner-title-visibility":"","ast-main-header-display":"","ast-hfb-above-header-display":"","ast-hfb-below-header-display":"","ast-hfb-mobile-header-display":"","site-post-title":"","ast-breadcrumbs-content":"","ast-featured-img":"","footer-sml-layout":"","theme-transparent-header-meta":"","adv-header-id-meta":"","stick-header-meta":"","header-above-stick-meta":"","header-main-stick-meta":"","header-below-stick-meta":"","astra-migrate-meta-layouts":"default","ast-page-background-enabled":"default","ast-page-background-meta":{"desktop":{"background-color":"var(--ast-global-color-5)","background-image":"","background-repeat":"repeat","background-position":"center center","background-size":"auto","background-attachment":"scroll","background-type":"","background-media":"","overlay-type":"","overlay-color":"","overlay-opacity":"","overlay-gradient":""},"tablet":{"background-color":"","background-image":"","background-repeat":"repeat","background-position":"center center","background-size":"auto","background-attachment":"scroll","background-type":"","background-media":"","overlay-type":"","overlay-color":"","overlay-opacity":"","overlay-gradient":""},"mobile":{"background-color":"","background-image":"","background-repeat":"repeat","background-position":"center center","background-size":"auto","background-attachment":"scroll","background-type":"","background-media":"","overlay-type":"","overlay-color":"","overlay-opacity":"","overlay-gradient":""}},"ast-content-background-meta":{"desktop":{"background-color":"var(--ast-global-color-4)","background-image":"","background-repeat":"repeat","background-position":"center center","background-size":"auto","background-attachment":"scroll","background-type":"","background-media":"","overlay-type":"","overlay-color":"","overlay-opacity":"","overlay-gradient":""},"tablet":{"background-color":"var(--ast-global-color-4)","background-image":"","background-repeat":"repeat","background-position":"center center","background-size":"auto","background-attachment":"scroll","background-type":"","background-media":"","overlay-type":"","overlay-color":"","overlay-opacity":"","overlay-gradient":""},"mobile":{"background-color":"var(--ast-global-color-4)","background-image":"","background-repeat":"repeat","background-position":"center center","background-size":"auto","background-attachment":"scroll","background-type":"","background-media":"","overlay-type":"","overlay-color":"","overlay-opacity":"","overlay-gradient":""}},"footnotes":""},"class_list":["post-3461","page","type-page","status-publish","hentry"],"_links":{"self":[{"href":"https:\/\/www.surya-world.org\/fr\/wp-json\/wp\/v2\/pages\/3461","targetHints":{"allow":["GET"]}}],"collection":[{"href":"https:\/\/www.surya-world.org\/fr\/wp-json\/wp\/v2\/pages"}],"about":[{"href":"https:\/\/www.surya-world.org\/fr\/wp-json\/wp\/v2\/types\/page"}],"author":[{"embeddable":true,"href":"https:\/\/www.surya-world.org\/fr\/wp-json\/wp\/v2\/users\/1"}],"replies":[{"embeddable":true,"href":"https:\/\/www.surya-world.org\/fr\/wp-json\/wp\/v2\/comments?post=3461"}],"version-history":[{"count":3,"href":"https:\/\/www.surya-world.org\/fr\/wp-json\/wp\/v2\/pages\/3461\/revisions"}],"predecessor-version":[{"id":4051,"href":"https:\/\/www.surya-world.org\/fr\/wp-json\/wp\/v2\/pages\/3461\/revisions\/4051"}],"wp:attachment":[{"href":"https:\/\/www.surya-world.org\/fr\/wp-json\/wp\/v2\/media?parent=3461"}],"curies":[{"name":"wp","href":"https:\/\/api.w.org\/{rel}","templated":true}]}}